{"id":906,"date":"2024-06-04T13:13:54","date_gmt":"2024-06-04T11:13:54","guid":{"rendered":"https:\/\/iznofarm.com\/?post_type=product&#038;p=906"},"modified":"2026-02-13T17:47:56","modified_gmt":"2026-02-13T16:47:56","slug":"limewine","status":"publish","type":"product","link":"https:\/\/iznofarm.com\/index.php\/produit\/limewine\/","title":{"rendered":"LIMEWINE"},"content":{"rendered":"<p>LEGENDARY LEMON est maintenant remplac\u00e9e par LIMEWINE.<\/p>\n<p>Crois\u00e9e avec abacus, j&#8217;ai r\u00e9ussi a encore mieux accroch\u00e9 les terps citron.<\/p>\n<p>Les terp\u00e8nes sont sur la premi\u00e8re approche d&#8217;une huile essentielle de citron, profond et clair. Ensuite vient le gaz et du kush bien lourd, les terps sont tr\u00e8s profond et marqu\u00e9s.<\/p>\n","protected":false},"excerpt":{"rendered":"<p>LEGENDARY LEMON est maintenant remplac\u00e9e par LIMEWINE. Crois\u00e9e avec abacus, j&#8217;ai r\u00e9ussi a encore mieux accroch\u00e9 les terps citron. Les terp\u00e8nes sont sur la premi\u00e8re approche d&#8217;une huile essentielle de citron, profond et clair. Ensuite vient le gaz et du kush bien lourd, les terps sont tr\u00e8s profond et marqu\u00e9s.<\/p>\n","protected":false},"featured_media":0,"comment_status":"open","ping_status":"closed","template":"","meta":{"advanced_seo_description":"","jetpack_seo_html_title":"","jetpack_seo_noindex":false},"product_cat":[25,17,27,26],"product_tag":[],"class_list":{"0":"post-906","1":"product","2":"type-product","3":"status-publish","5":"product_cat-cbd","6":"product_cat-fleurs","7":"product_cat-fruity-terps","8":"product_cat-funky-terps","10":"first","11":"outofstock","12":"shipping-taxable","13":"purchasable","14":"product-type-variable"},"jetpack_sharing_enabled":true,"_links":{"self":[{"href":"https:\/\/iznofarm.com\/index.php\/wp-json\/wp\/v2\/product\/906"}],"collection":[{"href":"https:\/\/iznofarm.com\/index.php\/wp-json\/wp\/v2\/product"}],"about":[{"href":"https:\/\/iznofarm.com\/index.php\/wp-json\/wp\/v2\/types\/product"}],"replies":[{"embeddable":true,"href":"https:\/\/iznofarm.com\/index.php\/wp-json\/wp\/v2\/comments?post=906"}],"wp:attachment":[{"href":"https:\/\/iznofarm.com\/index.php\/wp-json\/wp\/v2\/media?parent=906"}],"wp:term":[{"taxonomy":"product_cat","embeddable":true,"href":"https:\/\/iznofarm.com\/index.php\/wp-json\/wp\/v2\/product_cat?post=906"},{"taxonomy":"product_tag","embeddable":true,"href":"https:\/\/iznofarm.com\/index.php\/wp-json\/wp\/v2\/product_tag?post=906"}],"curies":[{"name":"wp","href":"https:\/\/api.w.org\/{rel}","templated":true}]}}