{"id":624,"date":"2023-10-11T21:21:32","date_gmt":"2023-10-11T19:21:32","guid":{"rendered":"https:\/\/iznofarm.com\/?post_type=product&#038;p=624"},"modified":"2026-04-24T22:13:31","modified_gmt":"2026-04-24T20:13:31","slug":"pink-pineapple","status":"publish","type":"product","link":"https:\/\/iznofarm.com\/index.php\/produit\/pink-pineapple\/","title":{"rendered":"PINK PINEAPPLE DIESEL"},"content":{"rendered":"<p>La pink pineapple , avec ses fleurs volumineuses et son ar\u00f4me particulier d&#8217;ananas bien mure et de solvant, un d\u00e9lice.<\/p>\n<p>Une cousine de Shaolin,dans un registre aromatique diff\u00e9rent, mais des terp\u00e8nes tout aussi puissant.<\/p>\n<p>Toujours dans une recherche de terp\u00e8nes incisif et prenant, c&#8217;est avec plaisir que je vous propose a nouveau cette fleur, mais en version diesel solvant cette ann\u00e9e.<\/p>\n<p>Nouvelle r\u00e9colte Septembre 2025<\/p>\n","protected":false},"excerpt":{"rendered":"<p>La pink pineapple , avec ses fleurs volumineuses et son ar\u00f4me particulier d&#8217;ananas bien mure et de solvant, un d\u00e9lice. Une cousine de Shaolin,dans un registre aromatique diff\u00e9rent, mais des terp\u00e8nes tout aussi puissant. Toujours dans une recherche de terp\u00e8nes incisif et prenant, c&#8217;est avec plaisir que je vous propose a nouveau cette fleur, mais &hellip; <\/p>\n<p class=\"link-more\"><a href=\"https:\/\/iznofarm.com\/index.php\/produit\/pink-pineapple\/\" class=\"more-link\">Continuer la lecture<span class=\"screen-reader-text\"> de &laquo;&nbsp;PINK PINEAPPLE DIESEL&nbsp;&raquo;<\/span><\/a><\/p>\n","protected":false},"featured_media":625,"comment_status":"open","ping_status":"closed","template":"","meta":{"advanced_seo_description":"","jetpack_seo_html_title":"","jetpack_seo_noindex":false},"product_brand":[],"product_cat":[25,17],"product_tag":[],"class_list":{"0":"post-624","1":"product","2":"type-product","3":"status-publish","4":"has-post-thumbnail","6":"product_cat-cbd","7":"product_cat-fleurs","9":"first","10":"instock","11":"shipping-taxable","12":"purchasable","13":"product-type-variable"},"jetpack_sharing_enabled":true,"_links":{"self":[{"href":"https:\/\/iznofarm.com\/index.php\/wp-json\/wp\/v2\/product\/624","targetHints":{"allow":["GET"]}}],"collection":[{"href":"https:\/\/iznofarm.com\/index.php\/wp-json\/wp\/v2\/product"}],"about":[{"href":"https:\/\/iznofarm.com\/index.php\/wp-json\/wp\/v2\/types\/product"}],"replies":[{"embeddable":true,"href":"https:\/\/iznofarm.com\/index.php\/wp-json\/wp\/v2\/comments?post=624"}],"wp:featuredmedia":[{"embeddable":true,"href":"https:\/\/iznofarm.com\/index.php\/wp-json\/wp\/v2\/media\/625"}],"wp:attachment":[{"href":"https:\/\/iznofarm.com\/index.php\/wp-json\/wp\/v2\/media?parent=624"}],"wp:term":[{"taxonomy":"product_brand","embeddable":true,"href":"https:\/\/iznofarm.com\/index.php\/wp-json\/wp\/v2\/product_brand?post=624"},{"taxonomy":"product_cat","embeddable":true,"href":"https:\/\/iznofarm.com\/index.php\/wp-json\/wp\/v2\/product_cat?post=624"},{"taxonomy":"product_tag","embeddable":true,"href":"https:\/\/iznofarm.com\/index.php\/wp-json\/wp\/v2\/product_tag?post=624"}],"curies":[{"name":"wp","href":"https:\/\/api.w.org\/{rel}","templated":true}]}}