{"id":1930,"date":"2025-07-02T17:45:44","date_gmt":"2025-07-02T15:45:44","guid":{"rendered":"https:\/\/iznofarm.com\/?post_type=product&#038;p=1930"},"modified":"2026-04-12T19:35:51","modified_gmt":"2026-04-12T17:35:51","slug":"dry","status":"publish","type":"product","link":"https:\/\/iznofarm.com\/index.php\/produit\/dry\/","title":{"rendered":"DRYSIFT"},"content":{"rendered":"<p>Voici enfin les drysift, extraction a sec a la marocaine, refiltr\u00e9 sur 3 filtres de mailles diff\u00e9rentes. C&#8217;est donc un vrai 3x filtr\u00e9,sans aucune mati\u00e8re ext\u00e9rieure ajout\u00e9e. Du trichome, et de la technique. Rien de plus.<\/p>\n<p>OZK: gagnante analyse cup hash 2025. Ma vari\u00e9t\u00e9 de base, la premi\u00e8re vrai hashplant cbd . Des terps agressif, puant et hyper caract\u00e9ristique. Du concombre,du gaz, de l&#8217;ail,du bois pourri,du fruit rouge,de l&#8217;acre,du ferment\u00e9. C&#8217;est l&#8217;un des profils les plus complexe et riche que je connaisse.<\/p>\n<p>LZK: issu des fleurs de zombie light dep, et descendante direct de OZK. On est donc toujours sur une hashplant, avec des terps puissant assez proche de OZK, mais avec sa touche cr\u00e9meuse en plus.<\/p>\n<p>OGZ: une autre lign\u00e9e de descendante d&#8217;OZK, avec des terps gourmand de p\u00e2t\u00e9 de campagne, d&#8217;essence,d&#8217;huile,de gaz et de musc.<\/p>\n<p>RAINBOW: Issu des phenos top candy, un hash dessert gourmet.<\/p>\n<p>TARMAC: Pour du caoutchouc et de la r\u00e9sine, c&#8217;est par la!<\/p>\n<p>LIMEWINE: mes travaux sur le citron m\u2019ont apport\u00e9 LIMEWINE. Legendary Lemon avait les terps discret et tr\u00e8s volatil, n&#8217;accrochant pas la plante tr\u00e8s longtemps. j&#8217;ai donc ajout\u00e9 de la profondeur gr\u00e2ce a l&#8217;introduction d&#8217;abacus dans la lign\u00e9e. Et la!! enfin des vrai terps citron qui accrochent!<\/p>\n<p>45u Multivar: Les plus petits microns, moins qualitatif que les plus gros, mais contiennent toujours un bon taux de terp\u00e8nes et de cannabinoides.<\/p>\n","protected":false},"excerpt":{"rendered":"<p>Voici enfin les drysift, extraction a sec a la marocaine, refiltr\u00e9 sur 3 filtres de mailles diff\u00e9rentes. C&#8217;est donc un vrai 3x filtr\u00e9,sans aucune mati\u00e8re ext\u00e9rieure ajout\u00e9e. Du trichome, et de la technique. Rien de plus. OZK: gagnante analyse cup hash 2025. Ma vari\u00e9t\u00e9 de base, la premi\u00e8re vrai hashplant cbd . Des terps agressif, &hellip; <\/p>\n<p class=\"link-more\"><a href=\"https:\/\/iznofarm.com\/index.php\/produit\/dry\/\" class=\"more-link\">Continuer la lecture<span class=\"screen-reader-text\"> de &laquo;&nbsp;DRYSIFT&nbsp;&raquo;<\/span><\/a><\/p>\n","protected":false},"featured_media":2177,"comment_status":"open","ping_status":"closed","template":"","meta":{"advanced_seo_description":"","jetpack_seo_html_title":"","jetpack_seo_noindex":false},"product_cat":[25,24,27,26,19],"product_tag":[],"class_list":{"0":"post-1930","1":"product","2":"type-product","3":"status-publish","4":"has-post-thumbnail","6":"product_cat-cbd","7":"product_cat-cbg","8":"product_cat-fruity-terps","9":"product_cat-funky-terps","10":"product_cat-resine","12":"first","13":"instock","14":"shipping-taxable","15":"purchasable","16":"product-type-variable"},"jetpack_sharing_enabled":true,"_links":{"self":[{"href":"https:\/\/iznofarm.com\/index.php\/wp-json\/wp\/v2\/product\/1930"}],"collection":[{"href":"https:\/\/iznofarm.com\/index.php\/wp-json\/wp\/v2\/product"}],"about":[{"href":"https:\/\/iznofarm.com\/index.php\/wp-json\/wp\/v2\/types\/product"}],"replies":[{"embeddable":true,"href":"https:\/\/iznofarm.com\/index.php\/wp-json\/wp\/v2\/comments?post=1930"}],"wp:featuredmedia":[{"embeddable":true,"href":"https:\/\/iznofarm.com\/index.php\/wp-json\/wp\/v2\/media\/2177"}],"wp:attachment":[{"href":"https:\/\/iznofarm.com\/index.php\/wp-json\/wp\/v2\/media?parent=1930"}],"wp:term":[{"taxonomy":"product_cat","embeddable":true,"href":"https:\/\/iznofarm.com\/index.php\/wp-json\/wp\/v2\/product_cat?post=1930"},{"taxonomy":"product_tag","embeddable":true,"href":"https:\/\/iznofarm.com\/index.php\/wp-json\/wp\/v2\/product_tag?post=1930"}],"curies":[{"name":"wp","href":"https:\/\/api.w.org\/{rel}","templated":true}]}}