{"id":1588,"date":"2024-12-02T12:12:11","date_gmt":"2024-12-02T11:12:11","guid":{"rendered":"https:\/\/iznofarm.com\/?post_type=product&#038;p=1588"},"modified":"2026-02-13T17:52:26","modified_gmt":"2026-02-13T16:52:26","slug":"guava","status":"publish","type":"product","link":"https:\/\/iznofarm.com\/index.php\/produit\/guava\/","title":{"rendered":"GUAVA ROCKET"},"content":{"rendered":"<p>Voici la belle nouvelle guava.<\/p>\n<p>J&#8217;ai orient\u00e9 cette recherche sur du fruit beurr\u00e9 gazy, et elle offre des fleurs super compact pour une outdoor.<\/p>\n<p>Des terps encore diff\u00e8rent, et tr\u00e8s marqu\u00e9 gr\u00e2ce au parent skunk butter et la gamme de fruit va de la goyave a la mangue, tout en profondeur.<\/p>\n","protected":false},"excerpt":{"rendered":"<p>Voici la belle nouvelle guava. J&#8217;ai orient\u00e9 cette recherche sur du fruit beurr\u00e9 gazy, et elle offre des fleurs super compact pour une outdoor. Des terps encore diff\u00e8rent, et tr\u00e8s marqu\u00e9 gr\u00e2ce au parent skunk butter et la gamme de fruit va de la goyave a la mangue, tout en profondeur.<\/p>\n","protected":false},"featured_media":0,"comment_status":"open","ping_status":"closed","template":"","meta":{"advanced_seo_description":"","jetpack_seo_html_title":"","jetpack_seo_noindex":false},"product_cat":[25,27,26],"product_tag":[],"class_list":{"0":"post-1588","1":"product","2":"type-product","3":"status-publish","5":"product_cat-cbd","6":"product_cat-fruity-terps","7":"product_cat-funky-terps","9":"first","10":"instock","11":"shipping-taxable","12":"purchasable","13":"product-type-variable"},"jetpack_sharing_enabled":true,"_links":{"self":[{"href":"https:\/\/iznofarm.com\/index.php\/wp-json\/wp\/v2\/product\/1588"}],"collection":[{"href":"https:\/\/iznofarm.com\/index.php\/wp-json\/wp\/v2\/product"}],"about":[{"href":"https:\/\/iznofarm.com\/index.php\/wp-json\/wp\/v2\/types\/product"}],"replies":[{"embeddable":true,"href":"https:\/\/iznofarm.com\/index.php\/wp-json\/wp\/v2\/comments?post=1588"}],"wp:attachment":[{"href":"https:\/\/iznofarm.com\/index.php\/wp-json\/wp\/v2\/media?parent=1588"}],"wp:term":[{"taxonomy":"product_cat","embeddable":true,"href":"https:\/\/iznofarm.com\/index.php\/wp-json\/wp\/v2\/product_cat?post=1588"},{"taxonomy":"product_tag","embeddable":true,"href":"https:\/\/iznofarm.com\/index.php\/wp-json\/wp\/v2\/product_tag?post=1588"}],"curies":[{"name":"wp","href":"https:\/\/api.w.org\/{rel}","templated":true}]}}