{"id":1463,"date":"2024-10-14T14:24:48","date_gmt":"2024-10-14T12:24:48","guid":{"rendered":"https:\/\/iznofarm.com\/?post_type=product&#038;p=1463"},"modified":"2026-03-31T14:34:57","modified_gmt":"2026-03-31T12:34:57","slug":"ozk-cbg","status":"publish","type":"product","link":"https:\/\/iznofarm.com\/index.php\/produit\/ozk-cbg\/","title":{"rendered":"OZK"},"content":{"rendered":"<p>ozk<\/p>\n<p>dit la puante<\/p>\n<p>plus besoin de la pr\u00e9senter, c&#8217;est un profil digne des chem a l&#8217;ancienne, ce genre du puant qui d\u00e9goute, mais dont on ne peut plus se passer une fois gout\u00e9&#8230;<\/p>\n","protected":false},"excerpt":{"rendered":"<p>ozk dit la puante plus besoin de la pr\u00e9senter, c&#8217;est un profil digne des chem a l&#8217;ancienne, ce genre du puant qui d\u00e9goute, mais dont on ne peut plus se passer une fois gout\u00e9&#8230;<\/p>\n","protected":false},"featured_media":1477,"comment_status":"open","ping_status":"closed","template":"","meta":{"advanced_seo_description":"","jetpack_seo_html_title":"","jetpack_seo_noindex":false},"product_cat":[16],"product_tag":[],"class_list":{"0":"post-1463","1":"product","2":"type-product","3":"status-publish","4":"has-post-thumbnail","6":"product_cat-non-classe","8":"first","9":"instock","10":"shipping-taxable","11":"purchasable","12":"product-type-variable"},"jetpack_sharing_enabled":true,"_links":{"self":[{"href":"https:\/\/iznofarm.com\/index.php\/wp-json\/wp\/v2\/product\/1463"}],"collection":[{"href":"https:\/\/iznofarm.com\/index.php\/wp-json\/wp\/v2\/product"}],"about":[{"href":"https:\/\/iznofarm.com\/index.php\/wp-json\/wp\/v2\/types\/product"}],"replies":[{"embeddable":true,"href":"https:\/\/iznofarm.com\/index.php\/wp-json\/wp\/v2\/comments?post=1463"}],"wp:featuredmedia":[{"embeddable":true,"href":"https:\/\/iznofarm.com\/index.php\/wp-json\/wp\/v2\/media\/1477"}],"wp:attachment":[{"href":"https:\/\/iznofarm.com\/index.php\/wp-json\/wp\/v2\/media?parent=1463"}],"wp:term":[{"taxonomy":"product_cat","embeddable":true,"href":"https:\/\/iznofarm.com\/index.php\/wp-json\/wp\/v2\/product_cat?post=1463"},{"taxonomy":"product_tag","embeddable":true,"href":"https:\/\/iznofarm.com\/index.php\/wp-json\/wp\/v2\/product_tag?post=1463"}],"curies":[{"name":"wp","href":"https:\/\/api.w.org\/{rel}","templated":true}]}}