{"id":1456,"date":"2024-10-14T14:27:32","date_gmt":"2024-10-14T12:27:32","guid":{"rendered":"https:\/\/iznofarm.com\/?post_type=product&#038;p=1456"},"modified":"2026-04-12T19:35:51","modified_gmt":"2026-04-12T17:35:51","slug":"platinum-panther","status":"publish","type":"product","link":"https:\/\/iznofarm.com\/index.php\/produit\/platinum-panther\/","title":{"rendered":"LULU LA NANTAISE"},"content":{"rendered":"<p>Voici une belle collaboration, en exclusivit\u00e9 LULU LA NANTAISE, selectionn\u00e9 par CAN HIGH KICK IT comme chanvre a parfum, puis cultiv\u00e9 sur mon terroir.<\/p>\n<p>Une fleur tr\u00e8s floral et a\u00e9rienne, avec un ar\u00f4me des plus attirant, doux,soyeux et frais.<\/p>\n","protected":false},"excerpt":{"rendered":"<p>Voici une belle collaboration, en exclusivit\u00e9 LULU LA NANTAISE, selectionn\u00e9 par CAN HIGH KICK IT comme chanvre a parfum, puis cultiv\u00e9 sur mon terroir. Une fleur tr\u00e8s floral et a\u00e9rienne, avec un ar\u00f4me des plus attirant, doux,soyeux et frais.<\/p>\n","protected":false},"featured_media":2067,"comment_status":"open","ping_status":"closed","template":"","meta":{"advanced_seo_description":"","jetpack_seo_html_title":"","jetpack_seo_noindex":false},"product_brand":[],"product_cat":[25,17,27],"product_tag":[],"class_list":{"0":"post-1456","1":"product","2":"type-product","3":"status-publish","4":"has-post-thumbnail","6":"product_cat-cbd","7":"product_cat-fleurs","8":"product_cat-fruity-terps","10":"first","11":"instock","12":"shipping-taxable","13":"purchasable","14":"product-type-variable"},"jetpack_sharing_enabled":true,"_links":{"self":[{"href":"https:\/\/iznofarm.com\/index.php\/wp-json\/wp\/v2\/product\/1456","targetHints":{"allow":["GET"]}}],"collection":[{"href":"https:\/\/iznofarm.com\/index.php\/wp-json\/wp\/v2\/product"}],"about":[{"href":"https:\/\/iznofarm.com\/index.php\/wp-json\/wp\/v2\/types\/product"}],"replies":[{"embeddable":true,"href":"https:\/\/iznofarm.com\/index.php\/wp-json\/wp\/v2\/comments?post=1456"}],"wp:featuredmedia":[{"embeddable":true,"href":"https:\/\/iznofarm.com\/index.php\/wp-json\/wp\/v2\/media\/2067"}],"wp:attachment":[{"href":"https:\/\/iznofarm.com\/index.php\/wp-json\/wp\/v2\/media?parent=1456"}],"wp:term":[{"taxonomy":"product_brand","embeddable":true,"href":"https:\/\/iznofarm.com\/index.php\/wp-json\/wp\/v2\/product_brand?post=1456"},{"taxonomy":"product_cat","embeddable":true,"href":"https:\/\/iznofarm.com\/index.php\/wp-json\/wp\/v2\/product_cat?post=1456"},{"taxonomy":"product_tag","embeddable":true,"href":"https:\/\/iznofarm.com\/index.php\/wp-json\/wp\/v2\/product_tag?post=1456"}],"curies":[{"name":"wp","href":"https:\/\/api.w.org\/{rel}","templated":true}]}}