{"id":1424,"date":"2024-09-30T23:25:55","date_gmt":"2024-09-30T21:25:55","guid":{"rendered":"https:\/\/iznofarm.com\/?post_type=product&#038;p=1424"},"modified":"2026-04-22T14:07:27","modified_gmt":"2026-04-22T12:07:27","slug":"siddhartha-queen","status":"publish","type":"product","link":"https:\/\/iznofarm.com\/index.php\/produit\/siddhartha-queen\/","title":{"rendered":"LEGENDARY SKUNK"},"content":{"rendered":"<p>Legendary Skunk, Gagnante spannabis cat\u00e9gorie CBD 2025<\/p>\n<p>Ce profil caract\u00e9ristique regroupe les traits connus des og et des skunk, poivr\u00e9s tres gazeux, l\u00e9g\u00e8rement gelato style, c&#8217;est simplement magnifique.<\/p>\n<p>La ou c&#8217;est encore plus fou, c&#8217;est a la d\u00e9gustation. Tu as d\u00e9j\u00e0 manger du savon\u00a0? Attention c&#8217;est goutu\u00a0!!<\/p>\n<p>Une de mes plus belles fleurs, compact comme des petits cailloux et tr\u00e8s tr\u00e8s r\u00e9sineuses.<\/p>\n<p>Une merveille, tout simplement.<\/p>\n<p>mini drop indoor<\/p>\n","protected":false},"excerpt":{"rendered":"<p>Legendary Skunk, Gagnante spannabis cat\u00e9gorie CBD 2025 Ce profil caract\u00e9ristique regroupe les traits connus des og et des skunk, poivr\u00e9s tres gazeux, l\u00e9g\u00e8rement gelato style, c&#8217;est simplement magnifique. La ou c&#8217;est encore plus fou, c&#8217;est a la d\u00e9gustation. Tu as d\u00e9j\u00e0 manger du savon\u00a0? Attention c&#8217;est goutu\u00a0!! Une de mes plus belles fleurs, compact comme &hellip; <\/p>\n<p class=\"link-more\"><a href=\"https:\/\/iznofarm.com\/index.php\/produit\/siddhartha-queen\/\" class=\"more-link\">Continuer la lecture<span class=\"screen-reader-text\"> de &laquo;&nbsp;LEGENDARY SKUNK&nbsp;&raquo;<\/span><\/a><\/p>\n","protected":false},"featured_media":2025,"comment_status":"open","ping_status":"closed","template":"","meta":{"advanced_seo_description":"","jetpack_seo_html_title":"","jetpack_seo_noindex":false},"product_brand":[],"product_cat":[16],"product_tag":[],"class_list":{"0":"post-1424","1":"product","2":"type-product","3":"status-publish","4":"has-post-thumbnail","6":"product_cat-non-classe","8":"first","9":"instock","10":"shipping-taxable","11":"purchasable","12":"product-type-variable"},"jetpack_sharing_enabled":true,"_links":{"self":[{"href":"https:\/\/iznofarm.com\/index.php\/wp-json\/wp\/v2\/product\/1424","targetHints":{"allow":["GET"]}}],"collection":[{"href":"https:\/\/iznofarm.com\/index.php\/wp-json\/wp\/v2\/product"}],"about":[{"href":"https:\/\/iznofarm.com\/index.php\/wp-json\/wp\/v2\/types\/product"}],"replies":[{"embeddable":true,"href":"https:\/\/iznofarm.com\/index.php\/wp-json\/wp\/v2\/comments?post=1424"}],"wp:featuredmedia":[{"embeddable":true,"href":"https:\/\/iznofarm.com\/index.php\/wp-json\/wp\/v2\/media\/2025"}],"wp:attachment":[{"href":"https:\/\/iznofarm.com\/index.php\/wp-json\/wp\/v2\/media?parent=1424"}],"wp:term":[{"taxonomy":"product_brand","embeddable":true,"href":"https:\/\/iznofarm.com\/index.php\/wp-json\/wp\/v2\/product_brand?post=1424"},{"taxonomy":"product_cat","embeddable":true,"href":"https:\/\/iznofarm.com\/index.php\/wp-json\/wp\/v2\/product_cat?post=1424"},{"taxonomy":"product_tag","embeddable":true,"href":"https:\/\/iznofarm.com\/index.php\/wp-json\/wp\/v2\/product_tag?post=1424"}],"curies":[{"name":"wp","href":"https:\/\/api.w.org\/{rel}","templated":true}]}}