{"id":148,"date":"2022-12-28T18:34:38","date_gmt":"2022-12-28T17:34:38","guid":{"rendered":"http:\/\/iznofarm.com\/?page_id=148"},"modified":"2022-12-30T20:40:49","modified_gmt":"2022-12-30T19:40:49","slug":"infos-legales","status":"publish","type":"page","link":"https:\/\/iznofarm.com\/index.php\/infos-legales\/","title":{"rendered":"Infos l\u00e9gales"},"content":{"rendered":"\n<h1 class=\"wp-block-heading\">Mentions l\u00e9gales et politique de confidentialit\u00e9<\/h1>\n\n\n\n<h2 class=\"wp-block-heading\"><em>Qui est Izno Farm?<\/em><\/h2>\n\n\n\n<p><strong>Izno farm est constitu\u00e9e de deux entreprises agricoles fran\u00e7aises de production de chanvre et de transformation artisanale du CBD.<br>L\u2019adresse du site est :\u00a0https:\/\/iznofarm.com<br>Le site internet\u00a0www.iznofarm.com\u00a0est la propri\u00e9t\u00e9 exclusive des entreprises .<\/strong><br><strong>Toute copie compl\u00e8te ou partielle des photos ou des textes en est interdite.<br>Conception et r\u00e9alisation : Izno Team avec WordPress (logiciel libre).<\/strong><br><br><strong>Raison sociale :  Boudrie earl<br>Adresse : 19140 Condat sur Ganaveix<br>Mail :\u00a0Iznofarm@gmail.com<\/strong><\/p>\n\n\n\n<p><strong>Raison sociale : tenokii earl<br>Adresse : 19210 Lubersac<br>Mail :&nbsp;Izno@iznofarm.com<br><\/strong><\/p>\n\n\n\n<h2 class=\"wp-block-heading\"><em>Conditions g\u00e9n\u00e9rales d\u2019utilisation<\/em><\/h2>\n\n\n\n<p><strong>L\u2019utilisateur du pr\u00e9sent site reconna\u00eet disposer de la comp\u00e9tence et des moyens n\u00e9cessaires pour acc\u00e9der et utiliser ce site et avoir v\u00e9rifi\u00e9 que la configuration informatique utilis\u00e9e ne contient aucun virus et qu\u2019elle est en parfait \u00e9tat de fonctionnement.<br>L\u2019utilisateur reconna\u00eet avoir \u00e9t\u00e9 inform\u00e9 que le pr\u00e9sent site est accessible 24 heures sur 24 et 7 jours sur 7, \u00e0 l\u2019exception des cas de force majeure, difficult\u00e9s li\u00e9es \u00e0 la structure des r\u00e9seaux de communication ou difficult\u00e9s techniques.<br>Nous nous effor\u00e7ons d\u2019assurer au mieux l\u2019exactitude et la mise \u00e0 jour des informations diffus\u00e9es sur ce site, dont nous nous r\u00e9servons le droit de corriger \u00e0 tout moment et sans pr\u00e9avis. Toutefois, nous ne pouvons garantir l\u2019exactitude, la pr\u00e9cision ou l\u2019exhaustivit\u00e9 des informations mises \u00e0 dispositions sur ce site.<\/strong><\/p>\n\n\n\n<h2 class=\"wp-block-heading\"><em>Informatique et libert\u00e9<\/em><\/h2>\n\n\n\n<p><strong>L\u2019utilisateur est inform\u00e9, conform\u00e9ment \u00e0 l\u2019article 27 de la loi Informatique, fichiers et libert\u00e9s du 6 janvier 1978, que les informations facultatives qu\u2019il communique en r\u00e9pondant s\u2019il le souhaite aux formulaires pr\u00e9sents sur le site de commande ou de contact permettent de r\u00e9pondre \u00e0 sa demande, et sont destin\u00e9es \u00e0 l&#8217;entreprise IZNOFARM, responsable du traitement, \u00e0 des fins de gestion administrative et commerciale uniquement. L\u2019utilisateur est inform\u00e9 qu\u2019il dispose d\u2019un droit d\u2019acc\u00e8s et de rectification relativement \u00e0 l\u2019ensemble des donn\u00e9es nominatives le concernant en \u00e9crivant \u00e0 IZNO FARM (contact@iznofarm.com)<\/strong><\/p>\n\n\n\n<h2 class=\"wp-block-heading\"><em>Cookies<\/em><\/h2>\n\n\n\n<p><strong>Si vous d\u00e9posez un commentaire sur notre site, il vous sera propos\u00e9 d\u2019enregistrer votre nom, adresse e-mail et site dans des cookies. C\u2019est uniquement pour votre confort afin de ne pas avoir \u00e0 saisir ces informations si vous d\u00e9posez un autre commentaire plus tard. Ces cookies expirent au bout d\u2019un an.<\/strong><\/p>\n\n\n\n<p><strong>Si vous vous rendez sur la page de connexion, un cookie temporaire sera cr\u00e9\u00e9 afin de d\u00e9terminer si votre navigateur accepte les cookies. Il ne contient pas de donn\u00e9es personnelles et sera supprim\u00e9 automatiquement \u00e0 la fermeture de votre navigateur.<\/strong><\/p>\n\n\n\n<p><strong>Lorsque vous vous connecterez, nous mettrons en place un certain nombre de cookies pour enregistrer vos informations de connexion et vos pr\u00e9f\u00e9rences d\u2019\u00e9cran. La dur\u00e9e de vie d\u2019un cookie de connexion est de deux jours, celle d\u2019un cookie d\u2019option d\u2019\u00e9cran est d\u2019un an. Si vous cochez \u00ab Se souvenir de moi \u00bb, votre cookie de connexion sera conserv\u00e9 pendant deux semaines. Si vous vous d\u00e9connectez de votre compte, le cookie de connexion sera effac\u00e9.<\/strong><\/p>\n\n\n\n<p><strong>En modifiant ou en publiant une publication, un cookie suppl\u00e9mentaire sera enregistr\u00e9 dans votre navigateur. Ce cookie ne comprend aucune donn\u00e9e personnelle. Il indique simplement l\u2019ID de la publication que vous venez de modifier. Il expire au bout d\u2019un jour.<\/strong><\/p>\n\n\n\n<h2 class=\"wp-block-heading\"><em>Contenu embarqu\u00e9 depuis d\u2019autres sites<\/em><\/h2>\n\n\n\n<p><strong>Les articles de ce site peuvent inclure des contenus int\u00e9gr\u00e9s (par exemple des vid\u00e9os, images, articles\u2026). Le contenu int\u00e9gr\u00e9 depuis d\u2019autres sites se comporte de la m\u00eame mani\u00e8re que si le visiteur se rendait sur cet autre site.<\/strong><\/p>\n\n\n\n<p><strong>Ces sites web pourraient collecter des donn\u00e9es sur vous, utiliser des cookies, embarquer des outils de suivis tiers, suivre vos interactions avec ces contenus embarqu\u00e9s si vous disposez d\u2019un compte connect\u00e9 sur leur site web.<\/strong><\/p>\n\n\n\n<h2 class=\"wp-block-heading\"><em>Utilisation et transmission de vos donn\u00e9es personnelles<\/em><\/h2>\n\n\n\n<p><strong>IZNO FARM ne transmet jamais vos donn\u00e9es personnelles \u00e0 un tiers et ne les utilise qu\u2019\u00e0 des fins professionnelles, tel que l\u2019\u00e9dition d\u2019un devis ou d\u2019une facture.<br>Si vous demandez une r\u00e9initialisation de votre mot de passe, votre adresse IP sera incluse dans l\u2019e-mail de r\u00e9initialisation.<\/strong><\/p>\n\n\n\n<h2 class=\"wp-block-heading\"><em>Dur\u00e9e de stockage de vos donn\u00e9es<\/em><\/h2>\n\n\n\n<p><strong>Si vous laissez un commentaire, le commentaire et ses m\u00e9tadonn\u00e9es sont conserv\u00e9s ind\u00e9finiment. Cela permet de reconna\u00eetre et approuver automatiquement les commentaires suivants au lieu de les laisser dans la file de mod\u00e9ration.<\/strong><\/p>\n\n\n\n<p><strong>Pour les comptes qui s\u2019inscrivent sur notre site (le cas \u00e9ch\u00e9ant), nous stockons \u00e9galement les donn\u00e9es personnelles indiqu\u00e9es dans leur profil. Tous les comptes peuvent voir, modifier ou supprimer leurs informations personnelles \u00e0 tout moment (\u00e0 l\u2019exception de leur identifiant). Le gestionnaire du site peut aussi voir et modifier ces informations.<\/strong><\/p>\n\n\n\n<h2 class=\"wp-block-heading\"><em>Les droits que vous avez sur vos donn\u00e9es<\/em><\/h2>\n\n\n\n<p><strong>Si vous avez un compte ou si vous avez laiss\u00e9 des commentaires sur le site, vous pouvez demander \u00e0 recevoir un fichier contenant toutes les donn\u00e9es personnelles que nous poss\u00e9dons \u00e0 votre sujet, incluant celles que vous nous avez fournies. Vous pouvez \u00e9galement demander la suppression des donn\u00e9es personnelles vous concernant. Cela ne prend pas en compte les donn\u00e9es stock\u00e9es \u00e0 des fins administratives, l\u00e9gales ou pour des raisons de s\u00e9curit\u00e9.<\/strong><\/p>\n\n\n\n<h2 class=\"wp-block-heading\"><em>Extensions<\/em><\/h2>\n\n\n\n<p><strong>Ce site utilise la mise en cache afin de faciliter un temps de r\u00e9ponse plus rapide et une meilleure exp\u00e9rience utilisateur. La mise en cache stocke potentiellement une copie de chaque page web affich\u00e9e sur ce site. Tous les fichiers de cache sont temporaires et ne sont jamais accessibles \u00e0 un tiers, sauf si cela est n\u00e9cessaire pour obtenir le support technique du fournisseur de l\u2019extension de cache. Les fichiers cache expirent selon une planification fix\u00e9e par l\u2019administrateur du site, mais peuvent facilement \u00eatre purg\u00e9s par l\u2019administrateur avant leur expiration naturelle, si n\u00e9cessaire. Veuillez voir&nbsp;<a target=\"_blank\" href=\"https:\/\/quic.cloud\/privacy-policy\/\" rel=\"noreferrer noopener\">https:\/\/quic.cloud\/privacy-policy\/<\/a>&nbsp;pour plus de d\u00e9tails.<\/strong><\/p>\n","protected":false},"excerpt":{"rendered":"<p>Mentions l\u00e9gales et politique de confidentialit\u00e9 Qui est Izno Farm? Izno farm est constitu\u00e9e de deux entreprises agricoles fran\u00e7aises de production de chanvre et de transformation artisanale du CBD.L\u2019adresse du site est :\u00a0https:\/\/iznofarm.comLe site internet\u00a0www.iznofarm.com\u00a0est la propri\u00e9t\u00e9 exclusive des entreprises .Toute copie compl\u00e8te ou partielle des photos ou des textes en est interdite.Conception et r\u00e9alisation &hellip; <\/p>\n<p class=\"link-more\"><a href=\"https:\/\/iznofarm.com\/index.php\/infos-legales\/\" class=\"more-link\">Continuer la lecture<span class=\"screen-reader-text\"> de &laquo;&nbsp;Infos l\u00e9gales&nbsp;&raquo;<\/span><\/a><\/p>\n","protected":false},"author":1,"featured_media":0,"parent":0,"menu_order":0,"comment_status":"closed","ping_status":"closed","template":"","meta":{"advanced_seo_description":"","jetpack_seo_html_title":"","jetpack_seo_noindex":false,"footnotes":""},"class_list":["post-148","page","type-page","status-publish","hentry"],"jetpack_sharing_enabled":true,"_links":{"self":[{"href":"https:\/\/iznofarm.com\/index.php\/wp-json\/wp\/v2\/pages\/148","targetHints":{"allow":["GET"]}}],"collection":[{"href":"https:\/\/iznofarm.com\/index.php\/wp-json\/wp\/v2\/pages"}],"about":[{"href":"https:\/\/iznofarm.com\/index.php\/wp-json\/wp\/v2\/types\/page"}],"author":[{"embeddable":true,"href":"https:\/\/iznofarm.com\/index.php\/wp-json\/wp\/v2\/users\/1"}],"replies":[{"embeddable":true,"href":"https:\/\/iznofarm.com\/index.php\/wp-json\/wp\/v2\/comments?post=148"}],"version-history":[{"count":11,"href":"https:\/\/iznofarm.com\/index.php\/wp-json\/wp\/v2\/pages\/148\/revisions"}],"predecessor-version":[{"id":334,"href":"https:\/\/iznofarm.com\/index.php\/wp-json\/wp\/v2\/pages\/148\/revisions\/334"}],"wp:attachment":[{"href":"https:\/\/iznofarm.com\/index.php\/wp-json\/wp\/v2\/media?parent=148"}],"curies":[{"name":"wp","href":"https:\/\/api.w.org\/{rel}","templated":true}]}}